{"id":448,"date":"2025-02-12T23:15:09","date_gmt":"2025-02-12T23:15:09","guid":{"rendered":"https:\/\/previnebrasil.com.br\/?page_id=448"},"modified":"2025-02-13T20:24:44","modified_gmt":"2025-02-13T20:24:44","slug":"sobre","status":"publish","type":"page","link":"https:\/\/previnebrasil.com.br\/?page_id=448","title":{"rendered":"Sobre"},"content":{"rendered":"\t\t<div data-elementor-type=\"wp-page\" data-elementor-id=\"448\" class=\"elementor elementor-448\" data-elementor-post-type=\"page\">\n\t\t\t\t<div class=\"elementor-element elementor-element-7d06b3d e-flex e-con-boxed e-con e-parent\" data-id=\"7d06b3d\" data-element_type=\"container\" data-e-type=\"container\" data-settings=\"{&quot;background_background&quot;:&quot;classic&quot;}\">\n\t\t\t\t\t<div class=\"e-con-inner\">\n\t\t<div class=\"elementor-element elementor-element-f29d847 e-con-full e-flex e-con e-child\" data-id=\"f29d847\" data-element_type=\"container\" data-e-type=\"container\">\n\t\t\t\t<div class=\"elementor-element elementor-element-c132889 elementor-widget elementor-widget-heading\" data-id=\"c132889\" data-element_type=\"widget\" data-e-type=\"widget\" data-widget_type=\"heading.default\">\n\t\t\t\t<div class=\"elementor-widget-container\">\n\t\t\t\t\t<h2 class=\"elementor-heading-title elementor-size-default\">PREVINE BRASIL<\/h2>\t\t\t\t<\/div>\n\t\t\t\t<\/div>\n\t\t\t\t<div class=\"elementor-element elementor-element-41344ae elementor-widget elementor-widget-heading\" data-id=\"41344ae\" data-element_type=\"widget\" data-e-type=\"widget\" data-widget_type=\"heading.default\">\n\t\t\t\t<div class=\"elementor-widget-container\">\n\t\t\t\t\t<h2 class=\"elementor-heading-title elementor-size-default\">Quem somos?<\/h2>\t\t\t\t<\/div>\n\t\t\t\t<\/div>\n\t\t\t\t<div class=\"elementor-element elementor-element-e2e1f6c elementor-widget-tablet__width-initial elementor-widget__width-initial elementor-widget elementor-widget-heading\" data-id=\"e2e1f6c\" data-element_type=\"widget\" data-e-type=\"widget\" data-widget_type=\"heading.default\">\n\t\t\t\t<div class=\"elementor-widget-container\">\n\t\t\t\t\t<h2 class=\"elementor-heading-title elementor-size-default\">A Previne Pro Service \u00e9 uma empresa especializada em desentupimento, limpeza de fossa, limpeza de caixa d'\u00e1gua e ca\u00e7a vazamentos, oferecendo solu\u00e7\u00f5es eficientes e seguras para resid\u00eancias, com\u00e9rcios e ind\u00fastrias. H\u00e1 mais de 11 anos, atendemos com excel\u00eancia a cidade de Salto - SP e regi\u00e3o, garantindo servi\u00e7os de qualidade e total satisfa\u00e7\u00e3o aos nossos clientes.\n\nContamos com equipamentos de alta tecnologia e uma equipe treinada para atuar com rapidez, seguran\u00e7a e m\u00ednimo impacto ao seu im\u00f3vel ou neg\u00f3cio. Nosso compromisso \u00e9 proporcionar efici\u00eancia, transpar\u00eancia e um atendimento diferenciado, sempre prezando pela preserva\u00e7\u00e3o do meio ambiente e o bem-estar de nossos clientes.\n\nSeja qual for o seu problema, a Previne Pro Service tem a solu\u00e7\u00e3o certa para voc\u00ea!<\/h2>\t\t\t\t<\/div>\n\t\t\t\t<\/div>\n\t\t\t\t<div class=\"elementor-element elementor-element-c133c4c elementor-align-left elementor-widget-mobile__width-initial elementor-invisible elementor-widget elementor-widget-button\" data-id=\"c133c4c\" data-element_type=\"widget\" data-e-type=\"widget\" data-settings=\"{&quot;_animation&quot;:&quot;fadeIn&quot;}\" data-widget_type=\"button.default\">\n\t\t\t\t<div class=\"elementor-widget-container\">\n\t\t\t\t\t\t\t\t\t<div class=\"elementor-button-wrapper\">\n\t\t\t\t\t<a class=\"elementor-button elementor-button-link elementor-size-sm elementor-animation-grow\" href=\"https:\/\/wa.me\/5511940283441?text=Ol%C3%A1%2C%20vim%20do%20site%20e%20tenho%20interesse%20em%20solicitar%20um%20or%C3%A7amento.\" target=\"_blank\">\n\t\t\t\t\t\t<span class=\"elementor-button-content-wrapper\">\n\t\t\t\t\t\t\t\t\t<span class=\"elementor-button-text\">Solicite um or\u00e7amento<\/span>\n\t\t\t\t\t<\/span>\n\t\t\t\t\t<\/a>\n\t\t\t\t<\/div>\n\t\t\t\t\t\t\t\t<\/div>\n\t\t\t\t<\/div>\n\t\t\t\t<\/div>\n\t\t\t\t\t<\/div>\n\t\t\t\t<\/div>\n\t\t\t\t<\/div>\n\t\t","protected":false},"excerpt":{"rendered":"<p>PREVINE BRASIL Quem somos? A Previne Pro Service \u00e9 uma empresa especializada em desentupimento, limpeza de fossa, limpeza de caixa d&#8217;\u00e1gua e ca\u00e7a vazamentos, oferecendo solu\u00e7\u00f5es eficientes e seguras para resid\u00eancias, com\u00e9rcios e ind\u00fastrias. H\u00e1 mais de 11 anos, atendemos com excel\u00eancia a cidade de Salto &#8211; SP e regi\u00e3o, garantindo servi\u00e7os de qualidade e [&hellip;]<\/p>\n","protected":false},"author":1,"featured_media":0,"parent":0,"menu_order":0,"comment_status":"closed","ping_status":"closed","template":"elementor_header_footer","meta":{"footnotes":""},"class_list":["post-448","page","type-page","status-publish","hentry"],"aioseo_notices":[],"_links":{"self":[{"href":"https:\/\/previnebrasil.com.br\/index.php?rest_route=\/wp\/v2\/pages\/448","targetHints":{"allow":["GET"]}}],"collection":[{"href":"https:\/\/previnebrasil.com.br\/index.php?rest_route=\/wp\/v2\/pages"}],"about":[{"href":"https:\/\/previnebrasil.com.br\/index.php?rest_route=\/wp\/v2\/types\/page"}],"author":[{"embeddable":true,"href":"https:\/\/previnebrasil.com.br\/index.php?rest_route=\/wp\/v2\/users\/1"}],"replies":[{"embeddable":true,"href":"https:\/\/previnebrasil.com.br\/index.php?rest_route=%2Fwp%2Fv2%2Fcomments&post=448"}],"version-history":[{"count":7,"href":"https:\/\/previnebrasil.com.br\/index.php?rest_route=\/wp\/v2\/pages\/448\/revisions"}],"predecessor-version":[{"id":542,"href":"https:\/\/previnebrasil.com.br\/index.php?rest_route=\/wp\/v2\/pages\/448\/revisions\/542"}],"wp:attachment":[{"href":"https:\/\/previnebrasil.com.br\/index.php?rest_route=%2Fwp%2Fv2%2Fmedia&parent=448"}],"curies":[{"name":"wp","href":"https:\/\/api.w.org\/{rel}","templated":true}]}}