{"id":446,"date":"2025-02-12T23:14:43","date_gmt":"2025-02-12T23:14:43","guid":{"rendered":"https:\/\/previnebrasil.com.br\/?page_id=446"},"modified":"2025-02-13T20:39:23","modified_gmt":"2025-02-13T20:39:23","slug":"servicos","status":"publish","type":"page","link":"https:\/\/previnebrasil.com.br\/?page_id=446","title":{"rendered":"Servi\u00e7os"},"content":{"rendered":"\t\t<div data-elementor-type=\"wp-page\" data-elementor-id=\"446\" class=\"elementor elementor-446\" data-elementor-post-type=\"page\">\n\t\t\t\t<div class=\"elementor-element elementor-element-b254c3a e-flex e-con-boxed e-con e-parent\" data-id=\"b254c3a\" data-element_type=\"container\" data-e-type=\"container\" data-settings=\"{&quot;background_background&quot;:&quot;classic&quot;}\">\n\t\t\t\t\t<div class=\"e-con-inner\">\n\t\t<div class=\"elementor-element elementor-element-b2f9fc3 e-con-full e-flex e-con e-child\" data-id=\"b2f9fc3\" data-element_type=\"container\" data-e-type=\"container\">\n\t\t\t\t<div class=\"elementor-element elementor-element-45b7828 elementor-widget-mobile__width-initial elementor-widget elementor-widget-heading\" data-id=\"45b7828\" data-element_type=\"widget\" data-e-type=\"widget\" data-widget_type=\"heading.default\">\n\t\t\t\t<div class=\"elementor-widget-container\">\n\t\t\t\t\t<h2 class=\"elementor-heading-title elementor-size-default\">Ao clicar em um dos servi\u00e7os voc\u00ea ser\u00e1 direcionado para o nosso Whatsapp.<\/h2>\t\t\t\t<\/div>\n\t\t\t\t<\/div>\n\t\t\t\t<div class=\"elementor-element elementor-element-c3bc6d2 elementor-widget elementor-widget-heading\" data-id=\"c3bc6d2\" data-element_type=\"widget\" data-e-type=\"widget\" data-widget_type=\"heading.default\">\n\t\t\t\t<div class=\"elementor-widget-container\">\n\t\t\t\t\t<h2 class=\"elementor-heading-title elementor-size-default\">\u00c9 bem mais r\u00e1pido e pr\u00e1tico, n\u00e9?<\/h2>\t\t\t\t<\/div>\n\t\t\t\t<\/div>\n\t\t\t\t<\/div>\n\t\t<div class=\"elementor-element elementor-element-7d5399b e-con-full e-flex e-con e-child\" data-id=\"7d5399b\" data-element_type=\"container\" data-e-type=\"container\">\n\t\t\t\t<div class=\"elementor-element elementor-element-924511f elementor-hidden-mobile elementor-widget elementor-widget-image\" data-id=\"924511f\" data-element_type=\"widget\" data-e-type=\"widget\" data-widget_type=\"image.default\">\n\t\t\t\t<div class=\"elementor-widget-container\">\n\t\t\t\t\t\t\t\t\t\t\t\t\t\t\t<img fetchpriority=\"high\" decoding=\"async\" width=\"800\" height=\"534\" src=\"https:\/\/previnebrasil.com.br\/wp-content\/uploads\/2025\/02\/Sem-Titulo-1-1-1024x683.png\" class=\"attachment-large size-large wp-image-492\" alt=\"\" srcset=\"https:\/\/previnebrasil.com.br\/wp-content\/uploads\/2025\/02\/Sem-Titulo-1-1-1024x683.png 1024w, https:\/\/previnebrasil.com.br\/wp-content\/uploads\/2025\/02\/Sem-Titulo-1-1-300x200.png 300w, https:\/\/previnebrasil.com.br\/wp-content\/uploads\/2025\/02\/Sem-Titulo-1-1-768x512.png 768w, https:\/\/previnebrasil.com.br\/wp-content\/uploads\/2025\/02\/Sem-Titulo-1-1.png 1080w\" sizes=\"(max-width: 800px) 100vw, 800px\" \/>\t\t\t\t\t\t\t\t\t\t\t\t\t\t\t<\/div>\n\t\t\t\t<\/div>\n\t\t\t\t<\/div>\n\t\t\t\t\t<\/div>\n\t\t\t\t<\/div>\n\t\t<div class=\"elementor-element elementor-element-f81698e e-flex e-con-boxed e-con e-parent\" data-id=\"f81698e\" data-element_type=\"container\" data-e-type=\"container\">\n\t\t\t\t\t<div class=\"e-con-inner\">\n\t\t<div class=\"elementor-element elementor-element-dcacd12 e-con-full e-flex e-con e-child\" data-id=\"dcacd12\" data-element_type=\"container\" data-e-type=\"container\">\n\t\t<div class=\"elementor-element elementor-element-3835b63 e-con-full e-flex e-con e-child\" data-id=\"3835b63\" data-element_type=\"container\" data-e-type=\"container\" data-settings=\"{&quot;background_background&quot;:&quot;classic&quot;}\">\n\t\t<div class=\"elementor-element elementor-element-bf3e18b e-con-full e-flex e-con e-child\" data-id=\"bf3e18b\" data-element_type=\"container\" data-e-type=\"container\" data-settings=\"{&quot;background_background&quot;:&quot;classic&quot;}\">\n\t\t\t\t<div class=\"elementor-element elementor-element-2f4d475 elementor-widget__width-initial elementor-hidden-tablet elementor-hidden-mobile elementor-widget elementor-widget-heading\" data-id=\"2f4d475\" data-element_type=\"widget\" data-e-type=\"widget\" data-widget_type=\"heading.default\">\n\t\t\t\t<div class=\"elementor-widget-container\">\n\t\t\t\t\t<h2 class=\"elementor-heading-title elementor-size-default\"><a href=\"https:\/\/wa.me\/551140283441?text=Ol%C3%A1%2C%20tenho%20interesse%20no%20servi%C3%A7o%20de%20desentupimento.\">Desentupimento.<\/a><\/h2>\t\t\t\t<\/div>\n\t\t\t\t<\/div>\n\t\t\t\t<div class=\"elementor-element elementor-element-75bbadc elementor-widget__width-initial elementor-hidden-desktop elementor-widget elementor-widget-heading\" data-id=\"75bbadc\" data-element_type=\"widget\" data-e-type=\"widget\" data-widget_type=\"heading.default\">\n\t\t\t\t<div class=\"elementor-widget-container\">\n\t\t\t\t\t<h2 class=\"elementor-heading-title elementor-size-default\">Desentupi<br>mento.<\/h2>\t\t\t\t<\/div>\n\t\t\t\t<\/div>\n\t\t\t\t<div class=\"elementor-element elementor-element-ef965d6 elementor-widget__width-initial elementor-widget-mobile__width-initial elementor-widget elementor-widget-heading\" data-id=\"ef965d6\" data-element_type=\"widget\" data-e-type=\"widget\" data-widget_type=\"heading.default\">\n\t\t\t\t<div class=\"elementor-widget-container\">\n\t\t\t\t\t<h2 class=\"elementor-heading-title elementor-size-default\"><a href=\"https:\/\/wa.me\/551140283441?text=Ol%C3%A1%2C%20tenho%20interesse%20no%20servi%C3%A7o%20de%20desentupimento.\">A nossa equipe identifica onde est\u00e1<br>o entupimento e resolve pra voc\u00ea.<\/a><\/h2>\t\t\t\t<\/div>\n\t\t\t\t<\/div>\n\t\t\t\t<div class=\"elementor-element elementor-element-433b75b elementor-view-default elementor-widget elementor-widget-icon\" data-id=\"433b75b\" data-element_type=\"widget\" data-e-type=\"widget\" data-widget_type=\"icon.default\">\n\t\t\t\t<div class=\"elementor-widget-container\">\n\t\t\t\t\t\t\t<div class=\"elementor-icon-wrapper\">\n\t\t\t<a class=\"elementor-icon\" href=\"https:\/\/wa.me\/551140283441?text=Ol%C3%A1%2C%20tenho%20interesse%20no%20servi%C3%A7o%20de%20desentupimento.\">\n\t\t\t<svg aria-hidden=\"true\" class=\"e-font-icon-svg e-fas-tools\" viewBox=\"0 0 512 512\" xmlns=\"http:\/\/www.w3.org\/2000\/svg\"><path d=\"M501.1 395.7L384 278.6c-23.1-23.1-57.6-27.6-85.4-13.9L192 158.1V96L64 0 0 64l96 128h62.1l106.6 106.6c-13.6 27.8-9.2 62.3 13.9 85.4l117.1 117.1c14.6 14.6 38.2 14.6 52.7 0l52.7-52.7c14.5-14.6 14.5-38.2 0-52.7zM331.7 225c28.3 0 54.9 11 74.9 31l19.4 19.4c15.8-6.9 30.8-16.5 43.8-29.5 37.1-37.1 49.7-89.3 37.9-136.7-2.2-9-13.5-12.1-20.1-5.5l-74.4 74.4-67.9-11.3L334 98.9l74.4-74.4c6.6-6.6 3.4-17.9-5.7-20.2-47.4-11.7-99.6.9-136.6 37.9-28.5 28.5-41.9 66.1-41.2 103.6l82.1 82.1c8.1-1.9 16.5-2.9 24.7-2.9zm-103.9 82l-56.7-56.7L18.7 402.8c-25 25-25 65.5 0 90.5s65.5 25 90.5 0l123.6-123.6c-7.6-19.9-9.9-41.6-5-62.7zM64 472c-13.2 0-24-10.8-24-24 0-13.3 10.7-24 24-24s24 10.7 24 24c0 13.2-10.7 24-24 24z\"><\/path><\/svg>\t\t\t<\/a>\n\t\t<\/div>\n\t\t\t\t\t\t<\/div>\n\t\t\t\t<\/div>\n\t\t\t\t<\/div>\n\t\t\t\t<\/div>\n\t\t<div class=\"elementor-element elementor-element-3faca52 e-con-full e-flex e-con e-child\" data-id=\"3faca52\" data-element_type=\"container\" data-e-type=\"container\" data-settings=\"{&quot;background_background&quot;:&quot;classic&quot;}\">\n\t\t<div class=\"elementor-element elementor-element-83ce1df e-con-full e-flex e-con e-child\" data-id=\"83ce1df\" data-element_type=\"container\" data-e-type=\"container\" data-settings=\"{&quot;background_background&quot;:&quot;classic&quot;}\">\n\t\t\t\t<div class=\"elementor-element elementor-element-6a087fa elementor-widget__width-initial elementor-widget elementor-widget-heading\" data-id=\"6a087fa\" data-element_type=\"widget\" data-e-type=\"widget\" data-widget_type=\"heading.default\">\n\t\t\t\t<div class=\"elementor-widget-container\">\n\t\t\t\t\t<h2 class=\"elementor-heading-title elementor-size-default\"><a href=\"https:\/\/wa.me\/551140283441?text=Ol%C3%A1%2C%20tenho%20interesse%20no%20servi%C3%A7o%20de%20ca%C3%A7a%20vazamentos.\">Ca\u00e7a vazamentos<\/a><\/h2>\t\t\t\t<\/div>\n\t\t\t\t<\/div>\n\t\t\t\t<div class=\"elementor-element elementor-element-1ebd59e elementor-widget__width-initial elementor-widget-tablet__width-initial elementor-widget elementor-widget-heading\" data-id=\"1ebd59e\" data-element_type=\"widget\" data-e-type=\"widget\" data-widget_type=\"heading.default\">\n\t\t\t\t<div class=\"elementor-widget-container\">\n\t\t\t\t\t<h2 class=\"elementor-heading-title elementor-size-default\"><a href=\"https:\/\/wa.me\/551140283441?text=Ol%C3%A1%2C%20tenho%20interesse%20no%20servi%C3%A7o%20de%20ca%C3%A7a%20vazamentos.\">Com aparelhos de alta tecnologia como Geofones<br>identificamos o vazamento e concertamos.<\/a><\/h2>\t\t\t\t<\/div>\n\t\t\t\t<\/div>\n\t\t\t\t<div class=\"elementor-element elementor-element-15fbe6c elementor-widget__width-initial elementor-view-default elementor-widget elementor-widget-icon\" data-id=\"15fbe6c\" data-element_type=\"widget\" data-e-type=\"widget\" data-widget_type=\"icon.default\">\n\t\t\t\t<div class=\"elementor-widget-container\">\n\t\t\t\t\t\t\t<div class=\"elementor-icon-wrapper\">\n\t\t\t<a class=\"elementor-icon\" href=\"https:\/\/wa.me\/551140283441?text=Ol%C3%A1%2C%20tenho%20interesse%20no%20servi%C3%A7o%20de%20ca%C3%A7a%20vazamentos.\">\n\t\t\t<svg aria-hidden=\"true\" class=\"e-font-icon-svg e-fas-headphones-alt\" viewBox=\"0 0 512 512\" xmlns=\"http:\/\/www.w3.org\/2000\/svg\"><path d=\"M160 288h-16c-35.35 0-64 28.7-64 64.12v63.76c0 35.41 28.65 64.12 64 64.12h16c17.67 0 32-14.36 32-32.06V320.06c0-17.71-14.33-32.06-32-32.06zm208 0h-16c-17.67 0-32 14.35-32 32.06v127.88c0 17.7 14.33 32.06 32 32.06h16c35.35 0 64-28.71 64-64.12v-63.76c0-35.41-28.65-64.12-64-64.12zM256 32C112.91 32 4.57 151.13 0 288v112c0 8.84 7.16 16 16 16h16c8.84 0 16-7.16 16-16V288c0-114.67 93.33-207.8 208-207.82 114.67.02 208 93.15 208 207.82v112c0 8.84 7.16 16 16 16h16c8.84 0 16-7.16 16-16V288C507.43 151.13 399.09 32 256 32z\"><\/path><\/svg>\t\t\t<\/a>\n\t\t<\/div>\n\t\t\t\t\t\t<\/div>\n\t\t\t\t<\/div>\n\t\t\t\t<\/div>\n\t\t\t\t<\/div>\n\t\t\t\t<\/div>\n\t\t<div class=\"elementor-element elementor-element-a712d15 e-con-full e-flex e-con e-child\" data-id=\"a712d15\" data-element_type=\"container\" data-e-type=\"container\">\n\t\t<div class=\"elementor-element elementor-element-aba1943 e-con-full e-flex e-con e-child\" data-id=\"aba1943\" data-element_type=\"container\" data-e-type=\"container\" data-settings=\"{&quot;background_background&quot;:&quot;classic&quot;}\">\n\t\t<div class=\"elementor-element elementor-element-7ea0e6e e-con-full e-flex e-con e-child\" data-id=\"7ea0e6e\" data-element_type=\"container\" data-e-type=\"container\" data-settings=\"{&quot;background_background&quot;:&quot;classic&quot;}\">\n\t\t\t\t<div class=\"elementor-element elementor-element-299e09f elementor-widget__width-initial elementor-widget elementor-widget-heading\" data-id=\"299e09f\" data-element_type=\"widget\" data-e-type=\"widget\" data-widget_type=\"heading.default\">\n\t\t\t\t<div class=\"elementor-widget-container\">\n\t\t\t\t\t<h2 class=\"elementor-heading-title elementor-size-default\"><a href=\"https:\/\/wa.me\/551140283441?text=Ol%C3%A1%2C%20tenho%20interesse%20no%20servi%C3%A7o%20de%20limpeza%20de%20caixa%20d&#039;agua.\">Limpeza de caixa d'agua<\/a><\/h2>\t\t\t\t<\/div>\n\t\t\t\t<\/div>\n\t\t\t\t<div class=\"elementor-element elementor-element-a9cb13f elementor-widget__width-initial elementor-widget-mobile__width-initial elementor-widget elementor-widget-heading\" data-id=\"a9cb13f\" data-element_type=\"widget\" data-e-type=\"widget\" data-widget_type=\"heading.default\">\n\t\t\t\t<div class=\"elementor-widget-container\">\n\t\t\t\t\t<h2 class=\"elementor-heading-title elementor-size-default\"><a href=\"https:\/\/wa.me\/551140283441?text=Ol%C3%A1%2C%20tenho%20interesse%20no%20servi%C3%A7o%20de%20limpeza%20de%20caixa%20d&#039;agua.\">Nossa equipe analisa as subst\u00e2ncias nocivas presentes na \u00e1gua e remove. Deixando sua familia segura.<\/a><\/h2>\t\t\t\t<\/div>\n\t\t\t\t<\/div>\n\t\t\t\t<div class=\"elementor-element elementor-element-5e6a7fb elementor-view-default elementor-widget elementor-widget-icon\" data-id=\"5e6a7fb\" data-element_type=\"widget\" data-e-type=\"widget\" data-widget_type=\"icon.default\">\n\t\t\t\t<div class=\"elementor-widget-container\">\n\t\t\t\t\t\t\t<div class=\"elementor-icon-wrapper\">\n\t\t\t<a class=\"elementor-icon\" href=\"https:\/\/wa.me\/551140283441?text=Ol%C3%A1%2C%20tenho%20interesse%20no%20servi%C3%A7o%20de%20limpeza%20de%20caixa%20d&#039;agua.\">\n\t\t\t<svg aria-hidden=\"true\" class=\"e-font-icon-svg e-fas-bacterium\" viewBox=\"0 0 512 512\" xmlns=\"http:\/\/www.w3.org\/2000\/svg\"><path d=\"M511,102.93A23.76,23.76,0,0,0,481.47,87l-15.12,4.48a111.85,111.85,0,0,0-48.5-47.42l3.79-14.47a23.74,23.74,0,0,0-46-11.91l-3.76,14.37a111.94,111.94,0,0,0-22.33,1.47,386.74,386.74,0,0,0-44.33,10.41l-4.3-12a23.74,23.74,0,0,0-44.75,15.85l4.3,12.05a383.4,383.4,0,0,0-58.69,31.83l-8-10.63a23.85,23.85,0,0,0-33.24-4.8,23.57,23.57,0,0,0-4.83,33.09l8,10.63a386.14,386.14,0,0,0-46.7,47.44l-11-8a23.68,23.68,0,1,0-28,38.17l11.09,8.06a383.45,383.45,0,0,0-30.92,58.75l-12.93-4.43a23.65,23.65,0,1,0-15.47,44.69l13,4.48a385.81,385.81,0,0,0-9.3,40.53A111.58,111.58,0,0,0,32.44,375L17,379.56a23.64,23.64,0,0,0,13.51,45.31l15-4.44a111.49,111.49,0,0,0,48.53,47.24l-3.85,14.75a23.66,23.66,0,0,0,17,28.83,24.7,24.7,0,0,0,6,.75,23.73,23.73,0,0,0,23-17.7L140,479.67c1.37.05,2.77.35,4.13.35A111.22,111.22,0,0,0,205,461.5l11.45,11.74a23.7,23.7,0,0,0,34.08-32.93l-12.19-12.5a111,111,0,0,0,16.11-41.4,158.69,158.69,0,0,1,5.16-20.71l12,5.64a23.66,23.66,0,1,0,20.19-42.79l-11.72-5.49c.89-1.32,1.59-2.77,2.52-4.06a157.86,157.86,0,0,1,10.46-12.49,159.5,159.5,0,0,1,15.59-15.28,162.18,162.18,0,0,1,13.23-10.4c1.5-1,3.1-1.89,4.63-2.87l5.23,11.8a23.74,23.74,0,0,0,43.48-19.08l-5.36-12.11a158.87,158.87,0,0,1,16.49-4.1,111,111,0,0,0,45-18.54l13.33,12a23.69,23.69,0,1,0,31.88-35l-12.94-11.67A110.83,110.83,0,0,0,479.21,137L495,132.32A23.61,23.61,0,0,0,511,102.93ZM160,368a48,48,0,1,1,48-48A48,48,0,0,1,160,368Zm80-136a24,24,0,1,1,24-24A24,24,0,0,1,240,232Z\"><\/path><\/svg>\t\t\t<\/a>\n\t\t<\/div>\n\t\t\t\t\t\t<\/div>\n\t\t\t\t<\/div>\n\t\t\t\t<\/div>\n\t\t\t\t<\/div>\n\t\t<div class=\"elementor-element elementor-element-79720b1 e-con-full e-flex e-con e-child\" data-id=\"79720b1\" data-element_type=\"container\" data-e-type=\"container\" data-settings=\"{&quot;background_background&quot;:&quot;classic&quot;}\">\n\t\t<div class=\"elementor-element elementor-element-e85fd39 e-con-full e-flex e-con e-child\" data-id=\"e85fd39\" data-element_type=\"container\" data-e-type=\"container\" data-settings=\"{&quot;background_background&quot;:&quot;classic&quot;}\">\n\t\t\t\t<div class=\"elementor-element elementor-element-5ae5099 elementor-widget__width-initial elementor-widget elementor-widget-heading\" data-id=\"5ae5099\" data-element_type=\"widget\" data-e-type=\"widget\" data-widget_type=\"heading.default\">\n\t\t\t\t<div class=\"elementor-widget-container\">\n\t\t\t\t\t<h2 class=\"elementor-heading-title elementor-size-default\"><a href=\"https:\/\/wa.me\/551140283441?text=Ol%C3%A1%2C%20tenho%20interesse%20no%20servi%C3%A7o%20de%20limpeza%20de%20fossa.\">Limpeza de fossa<\/a><\/h2>\t\t\t\t<\/div>\n\t\t\t\t<\/div>\n\t\t\t\t<div class=\"elementor-element elementor-element-5cc81fd elementor-widget__width-initial elementor-widget-mobile__width-initial elementor-widget elementor-widget-heading\" data-id=\"5cc81fd\" data-element_type=\"widget\" data-e-type=\"widget\" data-widget_type=\"heading.default\">\n\t\t\t\t<div class=\"elementor-widget-container\">\n\t\t\t\t\t<h2 class=\"elementor-heading-title elementor-size-default\"><a href=\"https:\/\/wa.me\/551140283441?text=Ol%C3%A1%2C%20tenho%20interesse%20no%20servi%C3%A7o%20de%20limpeza%20de%20fossa.\">Com o Hidrojateamento de alta press\u00e3o\nfaremos a desobstru\u00e7\u00e3o completa.<\/a><\/h2>\t\t\t\t<\/div>\n\t\t\t\t<\/div>\n\t\t\t\t<div class=\"elementor-element elementor-element-9422012 elementor-view-default elementor-widget elementor-widget-icon\" data-id=\"9422012\" data-element_type=\"widget\" data-e-type=\"widget\" data-widget_type=\"icon.default\">\n\t\t\t\t<div class=\"elementor-widget-container\">\n\t\t\t\t\t\t\t<div class=\"elementor-icon-wrapper\">\n\t\t\t<a class=\"elementor-icon\" href=\"https:\/\/wa.me\/551140283441?text=Ol%C3%A1%2C%20tenho%20interesse%20no%20servi%C3%A7o%20de%20limpeza%20de%20fossa.\">\n\t\t\t<svg aria-hidden=\"true\" class=\"e-font-icon-svg e-fas-trash-alt\" viewBox=\"0 0 448 512\" xmlns=\"http:\/\/www.w3.org\/2000\/svg\"><path d=\"M32 464a48 48 0 0 0 48 48h288a48 48 0 0 0 48-48V128H32zm272-256a16 16 0 0 1 32 0v224a16 16 0 0 1-32 0zm-96 0a16 16 0 0 1 32 0v224a16 16 0 0 1-32 0zm-96 0a16 16 0 0 1 32 0v224a16 16 0 0 1-32 0zM432 32H312l-9.4-18.7A24 24 0 0 0 281.1 0H166.8a23.72 23.72 0 0 0-21.4 13.3L136 32H16A16 16 0 0 0 0 48v32a16 16 0 0 0 16 16h416a16 16 0 0 0 16-16V48a16 16 0 0 0-16-16z\"><\/path><\/svg>\t\t\t<\/a>\n\t\t<\/div>\n\t\t\t\t\t\t<\/div>\n\t\t\t\t<\/div>\n\t\t\t\t<\/div>\n\t\t\t\t<\/div>\n\t\t\t\t<\/div>\n\t\t\t\t\t<\/div>\n\t\t\t\t<\/div>\n\t\t\t\t<\/div>\n\t\t","protected":false},"excerpt":{"rendered":"<p>Ao clicar em um dos servi\u00e7os voc\u00ea ser\u00e1 direcionado para o nosso Whatsapp. \u00c9 bem mais r\u00e1pido e pr\u00e1tico, n\u00e9? Desentupimento. Desentupimento. A nossa equipe identifica onde est\u00e1o entupimento e resolve pra voc\u00ea. Ca\u00e7a vazamentos Com aparelhos de alta tecnologia como Geofonesidentificamos o vazamento e concertamos. Limpeza de caixa d&#8217;agua Nossa equipe analisa as subst\u00e2ncias [&hellip;]<\/p>\n","protected":false},"author":1,"featured_media":0,"parent":0,"menu_order":0,"comment_status":"closed","ping_status":"closed","template":"elementor_header_footer","meta":{"footnotes":""},"class_list":["post-446","page","type-page","status-publish","hentry"],"aioseo_notices":[],"_links":{"self":[{"href":"https:\/\/previnebrasil.com.br\/index.php?rest_route=\/wp\/v2\/pages\/446","targetHints":{"allow":["GET"]}}],"collection":[{"href":"https:\/\/previnebrasil.com.br\/index.php?rest_route=\/wp\/v2\/pages"}],"about":[{"href":"https:\/\/previnebrasil.com.br\/index.php?rest_route=\/wp\/v2\/types\/page"}],"author":[{"embeddable":true,"href":"https:\/\/previnebrasil.com.br\/index.php?rest_route=\/wp\/v2\/users\/1"}],"replies":[{"embeddable":true,"href":"https:\/\/previnebrasil.com.br\/index.php?rest_route=%2Fwp%2Fv2%2Fcomments&post=446"}],"version-history":[{"count":22,"href":"https:\/\/previnebrasil.com.br\/index.php?rest_route=\/wp\/v2\/pages\/446\/revisions"}],"predecessor-version":[{"id":563,"href":"https:\/\/previnebrasil.com.br\/index.php?rest_route=\/wp\/v2\/pages\/446\/revisions\/563"}],"wp:attachment":[{"href":"https:\/\/previnebrasil.com.br\/index.php?rest_route=%2Fwp%2Fv2%2Fmedia&parent=446"}],"curies":[{"name":"wp","href":"https:\/\/api.w.org\/{rel}","templated":true}]}}